{"id":11072,"date":"2019-07-12T15:12:36","date_gmt":"2019-07-12T14:12:36","guid":{"rendered":"https:\/\/millargb.com\/product\/gh7051ps\/"},"modified":"2021-08-04T11:13:48","modified_gmt":"2021-08-04T10:13:48","slug":"gh7051ps","status":"publish","type":"product","link":"https:\/\/millargb.com\/fr\/produit\/gh7051ps\/","title":{"rendered":"Miroir 70 cm Plaque Gaz GH7051PS"},"content":{"rendered":"<div class=\"celwidget\" data-cel-widget=\"dpx-product-description_csm_instrumentation_wrapper\" data-csa-c-id=\"byimis-x91few-jjluq4-7d0t3q\">\n<div id=\"descriptionAndDetails\" class=\"a-section a-spacing-extra-large\">\n<div id=\"productDescription_feature_div\" class=\"celwidget\" data-feature-name=\"productDescription\" data-cel-widget=\"productDescription_feature_div\" data-csa-c-id=\"rpdair-hu185r-6tae0o-iaryno\">\n<div id=\"productDescription_feature_div\" class=\"a-row feature\" data-feature-name=\"productDescription\" data-template-name=\"productDescription\" data-cel-widget=\"productDescription_feature_div\">\n<div id=\"productDescription\" class=\"a-section a-spacing-small\">\n<p><strong>Caract\u00e9ristiques techniques :<\/strong><\/p>\n<p>Surface : Verre tremp\u00e9 de 8 mm (Miroir)<br \/>\nType de support de casserole: Fonte<br \/>\nArr\u00eat de s\u00e9curit\u00e9 automatique : Oui<br \/>\nType d&rsquo;allumage : Automatique<br \/>\nType de commande : Bouton rotatif<br \/>\nType de gaz: Gaz naturel, GPL<\/p>\n<p><strong>Puissance des feux de cuisson :<\/strong><\/p>\n<p>1 br\u00fbleur auxiliaire 1,0 kW.<br \/>\n2 br\u00fbleurs semi-rapides 1,80 kW.<br \/>\n1 br\u00fbleur rapide 2,4 kW.<br \/>\n1 br\u00fbleur Wok 3,5 kW.<\/p>\n<p><b>Dimensions (en mm) :<\/b><br \/>\nDimensions du produit (L x P x H) : 700 x 510 x 94 mm.<br \/>\nDimensions de la d\u00e9coupe (L x P) : 560 x 480 mm.<br \/>\nHauteur encastr\u00e9e\u202f: 40 mm.<br \/>\nDimensions du colis (L x P x H) : 750 x 565 x 165 mm.<\/p>\n<p><b>Poids :<\/b><br \/>\nNet: 14,50 kg.<br \/>\nBrut: 16,50 kg.<\/p>\n<\/div>\n<\/div>\n<\/div>\n<\/div>\n<\/div>\n<div class=\"celwidget\" data-cel-widget=\"dpx-climate-pledge-friendly-btf_csm_instrumentation_wrapper\" data-csa-c-id=\"eejdue-n6xk5g-d0yh0c-r8w2pu\">\n<div id=\"climatePledgeFriendlyBTF_feature_div\" class=\"celwidget\" data-feature-name=\"climatePledgeFriendlyBTF\" data-cel-widget=\"climatePledgeFriendlyBTF_feature_div\" data-csa-c-id=\"117dy9-w0spuh-exs6b-kogmls\"><\/div>\n<\/div>\n<div class=\"celwidget\" data-cel-widget=\"dpx-aplus-brand-story_csm_instrumentation_wrapper\" data-csa-c-id=\"nlkpbz-giugmv-b5ekc2-yw980s\">\n<div id=\"aplusBrandStory_feature_div\" class=\"celwidget\" data-feature-name=\"aplusBrandStory\" data-cel-widget=\"aplusBrandStory_feature_div\" data-csa-c-id=\"9clsru-c4mcya-bke3pl-vrjp40\"><\/div>\n<\/div>\n<div class=\"celwidget\" data-cel-widget=\"dpx-aplus-sustainability-story_csm_instrumentation_wrapper\" data-csa-c-id=\"886hrm-feiwfk-imx3o1-etp2mb\">\n<div id=\"aplusSustainabilityStory_feature_div\" class=\"celwidget\" data-feature-name=\"aplusSustainabilityStory\" data-cel-widget=\"aplusSustainabilityStory_feature_div\" data-csa-c-id=\"qmbej9-i24d62-q6zfcy-9njd6l\"><\/div>\n<\/div>\n<div class=\"celwidget\" data-cel-widget=\"sims-consolidated-3_csm_instrumentation_wrapper\" data-csa-c-id=\"teyl9q-gwvv1k-58n2bb-5pi7as\">\n<div class=\"celwidget pd_rd_w-GwwZM pf_rd_p-3afb8a41-31cf-4c83-9652-e8a14b7fc80c pd_rd_wg-ARYdN pf_rd_r-ACK8XE806GFS7RG3YYA4 pd_rd_r-0f74fbf9-f8cb-4d05-8dfd-9b67e17f4961\" data-csa-c-content-id=\"amzn1.sym.3afb8a41-31cf-4c83-9652-e8a14b7fc80c\" data-csa-c-slot-id=\"sims-container-3\" data-csa-c-type=\"widget\" data-csa-c-painter=\"FirebirdPainter\" data-cel-widget=\"desktop-dp-sims_SponsoredProductsSimsDpDesktopThematic\" data-csa-c-id=\"c51l5p-x3j1in-pmjgu5-b3damx\">\n<div class=\"celwidget\" data-cel-widget=\"sp_detail_thematic\" data-csa-c-id=\"27hv5k-afwp3f-7e6r1t-9oqbsr\"><\/div>\n<\/div>\n<\/div>\n","protected":false},"excerpt":{"rendered":"<p>Caract\u00e9ristiques techniques : Surface : Verre tremp\u00e9 de 8 mm (Miroir) Type de support de casserole: Fonte Arr\u00eat de s\u00e9curit\u00e9<\/p>\n","protected":false},"featured_media":10993,"comment_status":"open","ping_status":"closed","template":"","meta":[],"product_brand":[],"product_cat":[292,281],"product_tag":[284],"class_list":{"0":"post-11072","1":"product","2":"type-product","3":"status-publish","4":"has-post-thumbnail","6":"product_cat-5-bruleurs","7":"product_cat-plaques-a-gaz","8":"product_tag-featured-fr","10":"first","11":"instock","12":"taxable","13":"shipping-taxable","14":"purchasable","15":"product-type-variable","16":"has-default-attributes"},"yoast_head":"<!-- This site is optimized with the Yoast SEO plugin v27.5 - https:\/\/yoast.com\/product\/yoast-seo-wordpress\/ -->\n<title>Miroir 70 cm Plaque Gaz GH7051PS - Millar limited<\/title>\n<meta name=\"robots\" content=\"index, follow, max-snippet:-1, max-image-preview:large, max-video-preview:-1\" \/>\n<link rel=\"canonical\" href=\"https:\/\/millargb.com\/fr\/produit\/gh7051ps\/\" \/>\n<meta property=\"og:locale\" content=\"fr_FR\" \/>\n<meta property=\"og:type\" content=\"article\" \/>\n<meta property=\"og:title\" content=\"Miroir 70 cm Plaque Gaz GH7051PS - Millar limited\" \/>\n<meta property=\"og:description\" content=\"Caract\u00e9ristiques techniques : Surface : Verre tremp\u00e9 de 8 mm (Miroir) Type de support de casserole: Fonte Arr\u00eat de s\u00e9curit\u00e9\" \/>\n<meta property=\"og:url\" content=\"https:\/\/millargb.com\/fr\/produit\/gh7051ps\/\" \/>\n<meta property=\"og:site_name\" content=\"Millar limited\" \/>\n<meta property=\"article:modified_time\" content=\"2021-08-04T10:13:48+00:00\" \/>\n<meta property=\"og:image\" content=\"https:\/\/millargb.com\/wp-content\/uploads\/2019\/07\/GH7051PS-website.jpg\" \/>\n\t<meta property=\"og:image:width\" content=\"1134\" \/>\n\t<meta property=\"og:image:height\" content=\"1134\" \/>\n\t<meta property=\"og:image:type\" content=\"image\/jpeg\" \/>\n<meta name=\"twitter:card\" content=\"summary_large_image\" \/>\n<meta name=\"twitter:label1\" content=\"Dur\u00e9e de lecture estim\u00e9e\" \/>\n\t<meta name=\"twitter:data1\" content=\"1 minute\" \/>\n<script type=\"application\/ld+json\" class=\"yoast-schema-graph\">{\"@context\":\"https:\\\/\\\/schema.org\",\"@graph\":[{\"@type\":\"WebPage\",\"@id\":\"https:\\\/\\\/millargb.com\\\/fr\\\/produit\\\/gh7051ps\\\/\",\"url\":\"https:\\\/\\\/millargb.com\\\/fr\\\/produit\\\/gh7051ps\\\/\",\"name\":\"Miroir 70 cm Plaque Gaz GH7051PS - Millar limited\",\"isPartOf\":{\"@id\":\"https:\\\/\\\/millargb.com\\\/fr\\\/#website\"},\"primaryImageOfPage\":{\"@id\":\"https:\\\/\\\/millargb.com\\\/fr\\\/produit\\\/gh7051ps\\\/#primaryimage\"},\"image\":{\"@id\":\"https:\\\/\\\/millargb.com\\\/fr\\\/produit\\\/gh7051ps\\\/#primaryimage\"},\"thumbnailUrl\":\"https:\\\/\\\/millargb.com\\\/wp-content\\\/uploads\\\/2019\\\/07\\\/GH7051PS-website.jpg\",\"datePublished\":\"2019-07-12T14:12:36+00:00\",\"dateModified\":\"2021-08-04T10:13:48+00:00\",\"breadcrumb\":{\"@id\":\"https:\\\/\\\/millargb.com\\\/fr\\\/produit\\\/gh7051ps\\\/#breadcrumb\"},\"inLanguage\":\"fr-FR\",\"potentialAction\":[{\"@type\":\"ReadAction\",\"target\":[\"https:\\\/\\\/millargb.com\\\/fr\\\/produit\\\/gh7051ps\\\/\"]}]},{\"@type\":\"ImageObject\",\"inLanguage\":\"fr-FR\",\"@id\":\"https:\\\/\\\/millargb.com\\\/fr\\\/produit\\\/gh7051ps\\\/#primaryimage\",\"url\":\"https:\\\/\\\/millargb.com\\\/wp-content\\\/uploads\\\/2019\\\/07\\\/GH7051PS-website.jpg\",\"contentUrl\":\"https:\\\/\\\/millargb.com\\\/wp-content\\\/uploads\\\/2019\\\/07\\\/GH7051PS-website.jpg\",\"width\":1134,\"height\":1134},{\"@type\":\"BreadcrumbList\",\"@id\":\"https:\\\/\\\/millargb.com\\\/fr\\\/produit\\\/gh7051ps\\\/#breadcrumb\",\"itemListElement\":[{\"@type\":\"ListItem\",\"position\":1,\"name\":\"Home\",\"item\":\"https:\\\/\\\/millargb.com\\\/fr\\\/\"},{\"@type\":\"ListItem\",\"position\":2,\"name\":\"Shop\",\"item\":\"https:\\\/\\\/millargb.com\\\/en\\\/shop\\\/\"},{\"@type\":\"ListItem\",\"position\":3,\"name\":\"Miroir 70 cm Plaque Gaz GH7051PS\"}]},{\"@type\":\"WebSite\",\"@id\":\"https:\\\/\\\/millargb.com\\\/fr\\\/#website\",\"url\":\"https:\\\/\\\/millargb.com\\\/fr\\\/\",\"name\":\"Millar limited\",\"description\":\"Kitchen Appliances | Gas Hobs, Ovens, Hoods &amp; Accessories\",\"potentialAction\":[{\"@type\":\"SearchAction\",\"target\":{\"@type\":\"EntryPoint\",\"urlTemplate\":\"https:\\\/\\\/millargb.com\\\/fr\\\/?s={search_term_string}\"},\"query-input\":{\"@type\":\"PropertyValueSpecification\",\"valueRequired\":true,\"valueName\":\"search_term_string\"}}],\"inLanguage\":\"fr-FR\"}]}<\/script>\n<!-- \/ Yoast SEO plugin. -->","yoast_head_json":{"title":"Miroir 70 cm Plaque Gaz GH7051PS - Millar limited","robots":{"index":"index","follow":"follow","max-snippet":"max-snippet:-1","max-image-preview":"max-image-preview:large","max-video-preview":"max-video-preview:-1"},"canonical":"https:\/\/millargb.com\/fr\/produit\/gh7051ps\/","og_locale":"fr_FR","og_type":"article","og_title":"Miroir 70 cm Plaque Gaz GH7051PS - Millar limited","og_description":"Caract\u00e9ristiques techniques : Surface : Verre tremp\u00e9 de 8 mm (Miroir) Type de support de casserole: Fonte Arr\u00eat de s\u00e9curit\u00e9","og_url":"https:\/\/millargb.com\/fr\/produit\/gh7051ps\/","og_site_name":"Millar limited","article_modified_time":"2021-08-04T10:13:48+00:00","og_image":[{"width":1134,"height":1134,"url":"https:\/\/millargb.com\/wp-content\/uploads\/2019\/07\/GH7051PS-website.jpg","type":"image\/jpeg"}],"twitter_card":"summary_large_image","twitter_misc":{"Dur\u00e9e de lecture estim\u00e9e":"1 minute"},"schema":{"@context":"https:\/\/schema.org","@graph":[{"@type":"WebPage","@id":"https:\/\/millargb.com\/fr\/produit\/gh7051ps\/","url":"https:\/\/millargb.com\/fr\/produit\/gh7051ps\/","name":"Miroir 70 cm Plaque Gaz GH7051PS - Millar limited","isPartOf":{"@id":"https:\/\/millargb.com\/fr\/#website"},"primaryImageOfPage":{"@id":"https:\/\/millargb.com\/fr\/produit\/gh7051ps\/#primaryimage"},"image":{"@id":"https:\/\/millargb.com\/fr\/produit\/gh7051ps\/#primaryimage"},"thumbnailUrl":"https:\/\/millargb.com\/wp-content\/uploads\/2019\/07\/GH7051PS-website.jpg","datePublished":"2019-07-12T14:12:36+00:00","dateModified":"2021-08-04T10:13:48+00:00","breadcrumb":{"@id":"https:\/\/millargb.com\/fr\/produit\/gh7051ps\/#breadcrumb"},"inLanguage":"fr-FR","potentialAction":[{"@type":"ReadAction","target":["https:\/\/millargb.com\/fr\/produit\/gh7051ps\/"]}]},{"@type":"ImageObject","inLanguage":"fr-FR","@id":"https:\/\/millargb.com\/fr\/produit\/gh7051ps\/#primaryimage","url":"https:\/\/millargb.com\/wp-content\/uploads\/2019\/07\/GH7051PS-website.jpg","contentUrl":"https:\/\/millargb.com\/wp-content\/uploads\/2019\/07\/GH7051PS-website.jpg","width":1134,"height":1134},{"@type":"BreadcrumbList","@id":"https:\/\/millargb.com\/fr\/produit\/gh7051ps\/#breadcrumb","itemListElement":[{"@type":"ListItem","position":1,"name":"Home","item":"https:\/\/millargb.com\/fr\/"},{"@type":"ListItem","position":2,"name":"Shop","item":"https:\/\/millargb.com\/en\/shop\/"},{"@type":"ListItem","position":3,"name":"Miroir 70 cm Plaque Gaz GH7051PS"}]},{"@type":"WebSite","@id":"https:\/\/millargb.com\/fr\/#website","url":"https:\/\/millargb.com\/fr\/","name":"Millar limited","description":"Kitchen Appliances | Gas Hobs, Ovens, Hoods &amp; Accessories","potentialAction":[{"@type":"SearchAction","target":{"@type":"EntryPoint","urlTemplate":"https:\/\/millargb.com\/fr\/?s={search_term_string}"},"query-input":{"@type":"PropertyValueSpecification","valueRequired":true,"valueName":"search_term_string"}}],"inLanguage":"fr-FR"}]}},"_links":{"self":[{"href":"https:\/\/millargb.com\/fr\/wp-json\/wp\/v2\/product\/11072","targetHints":{"allow":["GET"]}}],"collection":[{"href":"https:\/\/millargb.com\/fr\/wp-json\/wp\/v2\/product"}],"about":[{"href":"https:\/\/millargb.com\/fr\/wp-json\/wp\/v2\/types\/product"}],"replies":[{"embeddable":true,"href":"https:\/\/millargb.com\/fr\/wp-json\/wp\/v2\/comments?post=11072"}],"wp:featuredmedia":[{"embeddable":true,"href":"https:\/\/millargb.com\/fr\/wp-json\/wp\/v2\/media\/10993"}],"wp:attachment":[{"href":"https:\/\/millargb.com\/fr\/wp-json\/wp\/v2\/media?parent=11072"}],"wp:term":[{"taxonomy":"product_brand","embeddable":true,"href":"https:\/\/millargb.com\/fr\/wp-json\/wp\/v2\/product_brand?post=11072"},{"taxonomy":"product_cat","embeddable":true,"href":"https:\/\/millargb.com\/fr\/wp-json\/wp\/v2\/product_cat?post=11072"},{"taxonomy":"product_tag","embeddable":true,"href":"https:\/\/millargb.com\/fr\/wp-json\/wp\/v2\/product_tag?post=11072"}],"curies":[{"name":"wp","href":"https:\/\/api.w.org\/{rel}","templated":true}]}}