{"id":11055,"date":"2017-08-12T19:14:48","date_gmt":"2017-08-12T18:14:48","guid":{"rendered":"https:\/\/millargb.com\/product\/gh7051tb\/"},"modified":"2021-08-04T11:22:03","modified_gmt":"2021-08-04T10:22:03","slug":"gh7051tb","status":"publish","type":"product","link":"https:\/\/millargb.com\/fr\/produit\/gh7051tb\/","title":{"rendered":"Noir 70 cm Plaque Gaz GH7051TB"},"content":{"rendered":"<p><strong>Caract\u00e9ristiques techniques :<\/strong><\/p>\n<p>Surface : Verre tremp\u00e9 de 8 mm (Noir)<br \/>\nType de support de casserole: Fonte<br \/>\nArr\u00eat de s\u00e9curit\u00e9 automatique : Oui<br \/>\nType d&rsquo;allumage : Automatique<br \/>\nType de commande : Bouton rotatif<br \/>\nType de gaz: Gaz naturel, GPL<\/p>\n<p><strong>Puissance des feux de cuisson :<\/strong><\/p>\n<p>1 \u00d7 1,0KW br\u00fbleur auxiliaire<br \/>\n2 \u00d7 1,80kW Semi-rapide de br\u00fbleurs<br \/>\n1 \u00d7 2,4kW br\u00fbleur rapide<br \/>\n1 \u00d7 3,5kW br\u00fbleur Wok<\/p>\n<p><b>Dimensions (mm) :<\/b><br \/>\nDimensions du produit (LxPxH) : 685 x 510 x 100 Format de d\u00e9coupe<br \/>\n(L x P) : : 560 x 480<br \/>\nHauteur d&rsquo;encastrement: 40<br \/>\nDimensions emballage (LxPxH) : 565 x 165 x 750<\/p>\n<p><b>Poids (kg) :<\/b><br \/>\nN.W 15,50 (kg) :<br \/>\nG.W (kg) : 17,50<\/p>\n","protected":false},"excerpt":{"rendered":"<p>Caract\u00e9ristiques techniques : Surface : Verre tremp\u00e9 de 8 mm (Noir) Type de support de casserole: Fonte Arr\u00eat de s\u00e9curit\u00e9<\/p>\n","protected":false},"featured_media":11056,"comment_status":"open","ping_status":"closed","template":"","meta":[],"product_brand":[],"product_cat":[292,281],"product_tag":[],"class_list":{"0":"post-11055","1":"product","2":"type-product","3":"status-publish","4":"has-post-thumbnail","6":"product_cat-5-bruleurs","7":"product_cat-plaques-a-gaz","9":"first","10":"instock","11":"taxable","12":"shipping-taxable","13":"purchasable","14":"product-type-variable","15":"has-default-attributes"},"yoast_head":"<!-- This site is optimized with the Yoast SEO plugin v27.3 - https:\/\/yoast.com\/product\/yoast-seo-wordpress\/ -->\n<title>Noir 70 cm Plaque Gaz GH7051TB - Millar limited<\/title>\n<meta name=\"robots\" content=\"index, follow, max-snippet:-1, max-image-preview:large, max-video-preview:-1\" \/>\n<link rel=\"canonical\" href=\"https:\/\/millargb.com\/fr\/produit\/gh7051tb\/\" \/>\n<meta property=\"og:locale\" content=\"fr_FR\" \/>\n<meta property=\"og:type\" content=\"article\" \/>\n<meta property=\"og:title\" content=\"Noir 70 cm Plaque Gaz GH7051TB - Millar limited\" \/>\n<meta property=\"og:description\" content=\"Caract\u00e9ristiques techniques : Surface : Verre tremp\u00e9 de 8 mm (Noir) Type de support de casserole: Fonte Arr\u00eat de s\u00e9curit\u00e9\" \/>\n<meta property=\"og:url\" content=\"https:\/\/millargb.com\/fr\/produit\/gh7051tb\/\" \/>\n<meta property=\"og:site_name\" content=\"Millar limited\" \/>\n<meta property=\"article:modified_time\" content=\"2021-08-04T10:22:03+00:00\" \/>\n<meta property=\"og:image\" content=\"https:\/\/millargb.com\/wp-content\/uploads\/2017\/08\/GH7051TB.jpg\" \/>\n\t<meta property=\"og:image:width\" content=\"1134\" \/>\n\t<meta property=\"og:image:height\" content=\"1134\" \/>\n\t<meta property=\"og:image:type\" content=\"image\/jpeg\" \/>\n<meta name=\"twitter:card\" content=\"summary_large_image\" \/>\n<script type=\"application\/ld+json\" class=\"yoast-schema-graph\">{\"@context\":\"https:\\\/\\\/schema.org\",\"@graph\":[{\"@type\":\"WebPage\",\"@id\":\"https:\\\/\\\/millargb.com\\\/fr\\\/produit\\\/gh7051tb\\\/\",\"url\":\"https:\\\/\\\/millargb.com\\\/fr\\\/produit\\\/gh7051tb\\\/\",\"name\":\"Noir 70 cm Plaque Gaz GH7051TB - Millar limited\",\"isPartOf\":{\"@id\":\"https:\\\/\\\/millargb.com\\\/fr\\\/#website\"},\"primaryImageOfPage\":{\"@id\":\"https:\\\/\\\/millargb.com\\\/fr\\\/produit\\\/gh7051tb\\\/#primaryimage\"},\"image\":{\"@id\":\"https:\\\/\\\/millargb.com\\\/fr\\\/produit\\\/gh7051tb\\\/#primaryimage\"},\"thumbnailUrl\":\"https:\\\/\\\/millargb.com\\\/wp-content\\\/uploads\\\/2017\\\/08\\\/GH7051TB.jpg\",\"datePublished\":\"2017-08-12T18:14:48+00:00\",\"dateModified\":\"2021-08-04T10:22:03+00:00\",\"breadcrumb\":{\"@id\":\"https:\\\/\\\/millargb.com\\\/fr\\\/produit\\\/gh7051tb\\\/#breadcrumb\"},\"inLanguage\":\"fr-FR\",\"potentialAction\":[{\"@type\":\"ReadAction\",\"target\":[\"https:\\\/\\\/millargb.com\\\/fr\\\/produit\\\/gh7051tb\\\/\"]}]},{\"@type\":\"ImageObject\",\"inLanguage\":\"fr-FR\",\"@id\":\"https:\\\/\\\/millargb.com\\\/fr\\\/produit\\\/gh7051tb\\\/#primaryimage\",\"url\":\"https:\\\/\\\/millargb.com\\\/wp-content\\\/uploads\\\/2017\\\/08\\\/GH7051TB.jpg\",\"contentUrl\":\"https:\\\/\\\/millargb.com\\\/wp-content\\\/uploads\\\/2017\\\/08\\\/GH7051TB.jpg\",\"width\":1134,\"height\":1134},{\"@type\":\"BreadcrumbList\",\"@id\":\"https:\\\/\\\/millargb.com\\\/fr\\\/produit\\\/gh7051tb\\\/#breadcrumb\",\"itemListElement\":[{\"@type\":\"ListItem\",\"position\":1,\"name\":\"Home\",\"item\":\"https:\\\/\\\/millargb.com\\\/fr\\\/\"},{\"@type\":\"ListItem\",\"position\":2,\"name\":\"Shop\",\"item\":\"https:\\\/\\\/millargb.com\\\/en\\\/shop\\\/\"},{\"@type\":\"ListItem\",\"position\":3,\"name\":\"Noir 70 cm Plaque Gaz GH7051TB\"}]},{\"@type\":\"WebSite\",\"@id\":\"https:\\\/\\\/millargb.com\\\/fr\\\/#website\",\"url\":\"https:\\\/\\\/millargb.com\\\/fr\\\/\",\"name\":\"Millar limited\",\"description\":\"Kitchen Appliances | Gas Hobs, Ovens, Hoods &amp; Accessories\",\"potentialAction\":[{\"@type\":\"SearchAction\",\"target\":{\"@type\":\"EntryPoint\",\"urlTemplate\":\"https:\\\/\\\/millargb.com\\\/fr\\\/?s={search_term_string}\"},\"query-input\":{\"@type\":\"PropertyValueSpecification\",\"valueRequired\":true,\"valueName\":\"search_term_string\"}}],\"inLanguage\":\"fr-FR\"}]}<\/script>\n<!-- \/ Yoast SEO plugin. -->","yoast_head_json":{"title":"Noir 70 cm Plaque Gaz GH7051TB - Millar limited","robots":{"index":"index","follow":"follow","max-snippet":"max-snippet:-1","max-image-preview":"max-image-preview:large","max-video-preview":"max-video-preview:-1"},"canonical":"https:\/\/millargb.com\/fr\/produit\/gh7051tb\/","og_locale":"fr_FR","og_type":"article","og_title":"Noir 70 cm Plaque Gaz GH7051TB - Millar limited","og_description":"Caract\u00e9ristiques techniques : Surface : Verre tremp\u00e9 de 8 mm (Noir) Type de support de casserole: Fonte Arr\u00eat de s\u00e9curit\u00e9","og_url":"https:\/\/millargb.com\/fr\/produit\/gh7051tb\/","og_site_name":"Millar limited","article_modified_time":"2021-08-04T10:22:03+00:00","og_image":[{"width":1134,"height":1134,"url":"https:\/\/millargb.com\/wp-content\/uploads\/2017\/08\/GH7051TB.jpg","type":"image\/jpeg"}],"twitter_card":"summary_large_image","schema":{"@context":"https:\/\/schema.org","@graph":[{"@type":"WebPage","@id":"https:\/\/millargb.com\/fr\/produit\/gh7051tb\/","url":"https:\/\/millargb.com\/fr\/produit\/gh7051tb\/","name":"Noir 70 cm Plaque Gaz GH7051TB - Millar limited","isPartOf":{"@id":"https:\/\/millargb.com\/fr\/#website"},"primaryImageOfPage":{"@id":"https:\/\/millargb.com\/fr\/produit\/gh7051tb\/#primaryimage"},"image":{"@id":"https:\/\/millargb.com\/fr\/produit\/gh7051tb\/#primaryimage"},"thumbnailUrl":"https:\/\/millargb.com\/wp-content\/uploads\/2017\/08\/GH7051TB.jpg","datePublished":"2017-08-12T18:14:48+00:00","dateModified":"2021-08-04T10:22:03+00:00","breadcrumb":{"@id":"https:\/\/millargb.com\/fr\/produit\/gh7051tb\/#breadcrumb"},"inLanguage":"fr-FR","potentialAction":[{"@type":"ReadAction","target":["https:\/\/millargb.com\/fr\/produit\/gh7051tb\/"]}]},{"@type":"ImageObject","inLanguage":"fr-FR","@id":"https:\/\/millargb.com\/fr\/produit\/gh7051tb\/#primaryimage","url":"https:\/\/millargb.com\/wp-content\/uploads\/2017\/08\/GH7051TB.jpg","contentUrl":"https:\/\/millargb.com\/wp-content\/uploads\/2017\/08\/GH7051TB.jpg","width":1134,"height":1134},{"@type":"BreadcrumbList","@id":"https:\/\/millargb.com\/fr\/produit\/gh7051tb\/#breadcrumb","itemListElement":[{"@type":"ListItem","position":1,"name":"Home","item":"https:\/\/millargb.com\/fr\/"},{"@type":"ListItem","position":2,"name":"Shop","item":"https:\/\/millargb.com\/en\/shop\/"},{"@type":"ListItem","position":3,"name":"Noir 70 cm Plaque Gaz GH7051TB"}]},{"@type":"WebSite","@id":"https:\/\/millargb.com\/fr\/#website","url":"https:\/\/millargb.com\/fr\/","name":"Millar limited","description":"Kitchen Appliances | Gas Hobs, Ovens, Hoods &amp; Accessories","potentialAction":[{"@type":"SearchAction","target":{"@type":"EntryPoint","urlTemplate":"https:\/\/millargb.com\/fr\/?s={search_term_string}"},"query-input":{"@type":"PropertyValueSpecification","valueRequired":true,"valueName":"search_term_string"}}],"inLanguage":"fr-FR"}]}},"_links":{"self":[{"href":"https:\/\/millargb.com\/fr\/wp-json\/wp\/v2\/product\/11055","targetHints":{"allow":["GET"]}}],"collection":[{"href":"https:\/\/millargb.com\/fr\/wp-json\/wp\/v2\/product"}],"about":[{"href":"https:\/\/millargb.com\/fr\/wp-json\/wp\/v2\/types\/product"}],"replies":[{"embeddable":true,"href":"https:\/\/millargb.com\/fr\/wp-json\/wp\/v2\/comments?post=11055"}],"wp:featuredmedia":[{"embeddable":true,"href":"https:\/\/millargb.com\/fr\/wp-json\/wp\/v2\/media\/11056"}],"wp:attachment":[{"href":"https:\/\/millargb.com\/fr\/wp-json\/wp\/v2\/media?parent=11055"}],"wp:term":[{"taxonomy":"product_brand","embeddable":true,"href":"https:\/\/millargb.com\/fr\/wp-json\/wp\/v2\/product_brand?post=11055"},{"taxonomy":"product_cat","embeddable":true,"href":"https:\/\/millargb.com\/fr\/wp-json\/wp\/v2\/product_cat?post=11055"},{"taxonomy":"product_tag","embeddable":true,"href":"https:\/\/millargb.com\/fr\/wp-json\/wp\/v2\/product_tag?post=11055"}],"curies":[{"name":"wp","href":"https:\/\/api.w.org\/{rel}","templated":true}]}}