{"id":11037,"date":"2021-04-30T12:42:28","date_gmt":"2021-04-30T11:42:28","guid":{"rendered":"https:\/\/millargb.com\/product\/gh7051pa\/"},"modified":"2024-10-30T08:18:45","modified_gmt":"2024-10-30T08:18:45","slug":"gh7051pa","status":"publish","type":"product","link":"https:\/\/millargb.com\/fr\/produit\/gh7051pa\/","title":{"rendered":"Gris 70 cm Plaque Gaz GH7051PA"},"content":{"rendered":"<p><strong>Caract\u00e9ristiques techniques :<\/strong><\/p>\n<p>Surface : Verre tremp\u00e9 de 8 mm (Gris)<br \/>\nType de support de casserole: Fonte<br \/>\nArr\u00eat de s\u00e9curit\u00e9 automatique : Oui<br \/>\nType d&rsquo;allumage : Automatique<br \/>\nType de commande : Bouton rotatif<br \/>\nType de gaz: Gaz naturel, GPL<\/p>\n<p><strong>Puissance des feux de cuisson :<\/strong><br \/>\n1 r\u00e9chaud auxiliaire de 1,0 kW.<br \/>\n2 br\u00fbleurs semi-rapides de 1,80 kW.<br \/>\n1 br\u00fbleur rapide de 2,4 kW.<br \/>\n1 cuisini\u00e8re Wok de 3,5 kW.<\/p>\n<p><strong>Dimensions (mm) :<\/strong><br \/>\nDimensions du produit (L x l x H) : 700 x 510 x 100 mm. Dimensions int\u00e9rieures :<br \/>\n560 x 480 mm (L x l).<br \/>\nProfondeur d&rsquo;encastrement : 40 mm.<br \/>\nDimensions de l&#8217;emballage (L x l x H) : 565 x 165 x 750 mm.<\/p>\n<p>Poids :<br \/>\nPoids net : 15,50 kg.<br \/>\nbrut : 17,50 kg.<\/p>\n","protected":false},"excerpt":{"rendered":"<p>Caract\u00e9ristiques techniques : Surface : Verre tremp\u00e9 de 8 mm (Gris) Type de support de casserole: Fonte Arr\u00eat de s\u00e9curit\u00e9<\/p>\n","protected":false},"featured_media":11039,"comment_status":"open","ping_status":"closed","template":"","meta":[],"product_brand":[],"product_cat":[292,281],"product_tag":[284],"class_list":{"0":"post-11037","1":"product","2":"type-product","3":"status-publish","4":"has-post-thumbnail","6":"product_cat-5-bruleurs","7":"product_cat-plaques-a-gaz","8":"product_tag-featured-fr","10":"first","11":"instock","12":"taxable","13":"shipping-taxable","14":"purchasable","15":"product-type-variable","16":"has-default-attributes"},"yoast_head":"<!-- This site is optimized with the Yoast SEO plugin v27.5 - https:\/\/yoast.com\/product\/yoast-seo-wordpress\/ -->\n<title>Gris 70 cm Plaque Gaz GH7051PA - Millar limited<\/title>\n<meta name=\"robots\" content=\"index, follow, max-snippet:-1, max-image-preview:large, max-video-preview:-1\" \/>\n<link rel=\"canonical\" href=\"https:\/\/millargb.com\/fr\/produit\/gh7051pa\/\" \/>\n<meta property=\"og:locale\" content=\"fr_FR\" \/>\n<meta property=\"og:type\" content=\"article\" \/>\n<meta property=\"og:title\" content=\"Gris 70 cm Plaque Gaz GH7051PA - Millar limited\" \/>\n<meta property=\"og:description\" content=\"Caract\u00e9ristiques techniques : Surface : Verre tremp\u00e9 de 8 mm (Gris) Type de support de casserole: Fonte Arr\u00eat de s\u00e9curit\u00e9\" \/>\n<meta property=\"og:url\" content=\"https:\/\/millargb.com\/fr\/produit\/gh7051pa\/\" \/>\n<meta property=\"og:site_name\" content=\"Millar limited\" \/>\n<meta property=\"article:modified_time\" content=\"2024-10-30T08:18:45+00:00\" \/>\n<meta property=\"og:image\" content=\"https:\/\/millargb.com\/wp-content\/uploads\/2021\/04\/GH7051PA-website1.jpg\" \/>\n\t<meta property=\"og:image:width\" content=\"1500\" \/>\n\t<meta property=\"og:image:height\" content=\"1500\" \/>\n\t<meta property=\"og:image:type\" content=\"image\/jpeg\" \/>\n<meta name=\"twitter:card\" content=\"summary_large_image\" \/>\n<meta name=\"twitter:label1\" content=\"Dur\u00e9e de lecture estim\u00e9e\" \/>\n\t<meta name=\"twitter:data1\" content=\"1 minute\" \/>\n<script type=\"application\/ld+json\" class=\"yoast-schema-graph\">{\"@context\":\"https:\\\/\\\/schema.org\",\"@graph\":[{\"@type\":\"WebPage\",\"@id\":\"https:\\\/\\\/millargb.com\\\/fr\\\/produit\\\/gh7051pa\\\/\",\"url\":\"https:\\\/\\\/millargb.com\\\/fr\\\/produit\\\/gh7051pa\\\/\",\"name\":\"Gris 70 cm Plaque Gaz GH7051PA - Millar limited\",\"isPartOf\":{\"@id\":\"https:\\\/\\\/millargb.com\\\/fr\\\/#website\"},\"primaryImageOfPage\":{\"@id\":\"https:\\\/\\\/millargb.com\\\/fr\\\/produit\\\/gh7051pa\\\/#primaryimage\"},\"image\":{\"@id\":\"https:\\\/\\\/millargb.com\\\/fr\\\/produit\\\/gh7051pa\\\/#primaryimage\"},\"thumbnailUrl\":\"https:\\\/\\\/millargb.com\\\/wp-content\\\/uploads\\\/2021\\\/04\\\/GH7051PA-website1.jpg\",\"datePublished\":\"2021-04-30T11:42:28+00:00\",\"dateModified\":\"2024-10-30T08:18:45+00:00\",\"breadcrumb\":{\"@id\":\"https:\\\/\\\/millargb.com\\\/fr\\\/produit\\\/gh7051pa\\\/#breadcrumb\"},\"inLanguage\":\"fr-FR\",\"potentialAction\":[{\"@type\":\"ReadAction\",\"target\":[\"https:\\\/\\\/millargb.com\\\/fr\\\/produit\\\/gh7051pa\\\/\"]}]},{\"@type\":\"ImageObject\",\"inLanguage\":\"fr-FR\",\"@id\":\"https:\\\/\\\/millargb.com\\\/fr\\\/produit\\\/gh7051pa\\\/#primaryimage\",\"url\":\"https:\\\/\\\/millargb.com\\\/wp-content\\\/uploads\\\/2021\\\/04\\\/GH7051PA-website1.jpg\",\"contentUrl\":\"https:\\\/\\\/millargb.com\\\/wp-content\\\/uploads\\\/2021\\\/04\\\/GH7051PA-website1.jpg\",\"width\":1500,\"height\":1500,\"caption\":\"grey-70cm-5-burner-gas-on-glass-hob\"},{\"@type\":\"BreadcrumbList\",\"@id\":\"https:\\\/\\\/millargb.com\\\/fr\\\/produit\\\/gh7051pa\\\/#breadcrumb\",\"itemListElement\":[{\"@type\":\"ListItem\",\"position\":1,\"name\":\"Home\",\"item\":\"https:\\\/\\\/millargb.com\\\/fr\\\/\"},{\"@type\":\"ListItem\",\"position\":2,\"name\":\"Shop\",\"item\":\"https:\\\/\\\/millargb.com\\\/en\\\/shop\\\/\"},{\"@type\":\"ListItem\",\"position\":3,\"name\":\"Gris 70 cm Plaque Gaz GH7051PA\"}]},{\"@type\":\"WebSite\",\"@id\":\"https:\\\/\\\/millargb.com\\\/fr\\\/#website\",\"url\":\"https:\\\/\\\/millargb.com\\\/fr\\\/\",\"name\":\"Millar limited\",\"description\":\"Kitchen Appliances | Gas Hobs, Ovens, Hoods &amp; Accessories\",\"potentialAction\":[{\"@type\":\"SearchAction\",\"target\":{\"@type\":\"EntryPoint\",\"urlTemplate\":\"https:\\\/\\\/millargb.com\\\/fr\\\/?s={search_term_string}\"},\"query-input\":{\"@type\":\"PropertyValueSpecification\",\"valueRequired\":true,\"valueName\":\"search_term_string\"}}],\"inLanguage\":\"fr-FR\"}]}<\/script>\n<!-- \/ Yoast SEO plugin. -->","yoast_head_json":{"title":"Gris 70 cm Plaque Gaz GH7051PA - Millar limited","robots":{"index":"index","follow":"follow","max-snippet":"max-snippet:-1","max-image-preview":"max-image-preview:large","max-video-preview":"max-video-preview:-1"},"canonical":"https:\/\/millargb.com\/fr\/produit\/gh7051pa\/","og_locale":"fr_FR","og_type":"article","og_title":"Gris 70 cm Plaque Gaz GH7051PA - Millar limited","og_description":"Caract\u00e9ristiques techniques : Surface : Verre tremp\u00e9 de 8 mm (Gris) Type de support de casserole: Fonte Arr\u00eat de s\u00e9curit\u00e9","og_url":"https:\/\/millargb.com\/fr\/produit\/gh7051pa\/","og_site_name":"Millar limited","article_modified_time":"2024-10-30T08:18:45+00:00","og_image":[{"width":1500,"height":1500,"url":"https:\/\/millargb.com\/wp-content\/uploads\/2021\/04\/GH7051PA-website1.jpg","type":"image\/jpeg"}],"twitter_card":"summary_large_image","twitter_misc":{"Dur\u00e9e de lecture estim\u00e9e":"1 minute"},"schema":{"@context":"https:\/\/schema.org","@graph":[{"@type":"WebPage","@id":"https:\/\/millargb.com\/fr\/produit\/gh7051pa\/","url":"https:\/\/millargb.com\/fr\/produit\/gh7051pa\/","name":"Gris 70 cm Plaque Gaz GH7051PA - Millar limited","isPartOf":{"@id":"https:\/\/millargb.com\/fr\/#website"},"primaryImageOfPage":{"@id":"https:\/\/millargb.com\/fr\/produit\/gh7051pa\/#primaryimage"},"image":{"@id":"https:\/\/millargb.com\/fr\/produit\/gh7051pa\/#primaryimage"},"thumbnailUrl":"https:\/\/millargb.com\/wp-content\/uploads\/2021\/04\/GH7051PA-website1.jpg","datePublished":"2021-04-30T11:42:28+00:00","dateModified":"2024-10-30T08:18:45+00:00","breadcrumb":{"@id":"https:\/\/millargb.com\/fr\/produit\/gh7051pa\/#breadcrumb"},"inLanguage":"fr-FR","potentialAction":[{"@type":"ReadAction","target":["https:\/\/millargb.com\/fr\/produit\/gh7051pa\/"]}]},{"@type":"ImageObject","inLanguage":"fr-FR","@id":"https:\/\/millargb.com\/fr\/produit\/gh7051pa\/#primaryimage","url":"https:\/\/millargb.com\/wp-content\/uploads\/2021\/04\/GH7051PA-website1.jpg","contentUrl":"https:\/\/millargb.com\/wp-content\/uploads\/2021\/04\/GH7051PA-website1.jpg","width":1500,"height":1500,"caption":"grey-70cm-5-burner-gas-on-glass-hob"},{"@type":"BreadcrumbList","@id":"https:\/\/millargb.com\/fr\/produit\/gh7051pa\/#breadcrumb","itemListElement":[{"@type":"ListItem","position":1,"name":"Home","item":"https:\/\/millargb.com\/fr\/"},{"@type":"ListItem","position":2,"name":"Shop","item":"https:\/\/millargb.com\/en\/shop\/"},{"@type":"ListItem","position":3,"name":"Gris 70 cm Plaque Gaz GH7051PA"}]},{"@type":"WebSite","@id":"https:\/\/millargb.com\/fr\/#website","url":"https:\/\/millargb.com\/fr\/","name":"Millar limited","description":"Kitchen Appliances | Gas Hobs, Ovens, Hoods &amp; Accessories","potentialAction":[{"@type":"SearchAction","target":{"@type":"EntryPoint","urlTemplate":"https:\/\/millargb.com\/fr\/?s={search_term_string}"},"query-input":{"@type":"PropertyValueSpecification","valueRequired":true,"valueName":"search_term_string"}}],"inLanguage":"fr-FR"}]}},"_links":{"self":[{"href":"https:\/\/millargb.com\/fr\/wp-json\/wp\/v2\/product\/11037","targetHints":{"allow":["GET"]}}],"collection":[{"href":"https:\/\/millargb.com\/fr\/wp-json\/wp\/v2\/product"}],"about":[{"href":"https:\/\/millargb.com\/fr\/wp-json\/wp\/v2\/types\/product"}],"replies":[{"embeddable":true,"href":"https:\/\/millargb.com\/fr\/wp-json\/wp\/v2\/comments?post=11037"}],"wp:featuredmedia":[{"embeddable":true,"href":"https:\/\/millargb.com\/fr\/wp-json\/wp\/v2\/media\/11039"}],"wp:attachment":[{"href":"https:\/\/millargb.com\/fr\/wp-json\/wp\/v2\/media?parent=11037"}],"wp:term":[{"taxonomy":"product_brand","embeddable":true,"href":"https:\/\/millargb.com\/fr\/wp-json\/wp\/v2\/product_brand?post=11037"},{"taxonomy":"product_cat","embeddable":true,"href":"https:\/\/millargb.com\/fr\/wp-json\/wp\/v2\/product_cat?post=11037"},{"taxonomy":"product_tag","embeddable":true,"href":"https:\/\/millargb.com\/fr\/wp-json\/wp\/v2\/product_tag?post=11037"}],"curies":[{"name":"wp","href":"https:\/\/api.w.org\/{rel}","templated":true}]}}