{"id":11021,"date":"2017-08-12T17:35:20","date_gmt":"2017-08-12T16:35:20","guid":{"rendered":"https:\/\/millargb.com\/product\/gh7051kb\/"},"modified":"2021-08-04T11:22:50","modified_gmt":"2021-08-04T10:22:50","slug":"gh7051kb","status":"publish","type":"product","link":"https:\/\/millargb.com\/fr\/produit\/gh7051kb\/","title":{"rendered":"Noir 70 cm Plaque Gaz GH7051KB"},"content":{"rendered":"<p><strong>Caract\u00e9ristiques techniques :<\/strong><\/p>\n<p>Surface : Verre tremp\u00e9 de 8 mm (Noir)<br \/>\nType de support de casserole: Fonte<br \/>\nArr\u00eat de s\u00e9curit\u00e9 automatique : Oui<br \/>\nType d&rsquo;allumage : Automatique<br \/>\nType de commande : Bouton rotatif<br \/>\nType de gaz: Gaz naturel, GPL<\/p>\n<p><strong>Puissance des feux de cuisson :<\/strong><\/p>\n<p>1 br\u00fbleur auxiliaire 1,0\u00a0kW.<br \/>\n2 br\u00fbleurs semi-rapides 1,80\u00a0kW.<br \/>\n1\u00a0br\u00fbleur rapide 2,4\u00a0kW.<br \/>\n1 br\u00fbleur Wok 3,5\u00a0kW.<\/p>\n<p><b>Dimensions (mm) :<\/b><br \/>\nDimensions du produit (L x P x H) :685 x 510 x 100 mm.<br \/>\nDimensions de la d\u00e9coupe (L x P)\u00a0:560\u00a0x 480 mm.<br \/>\nHauteur encastr\u00e9e\u202f:40 mm.<br \/>\nDimensions du colis (L x P x H) :750\u00a0x 565\u00a0x 165 mm.<\/p>\n<p><b>Poids\u00a0: net<\/b><br \/>\nNet: 14,50 kg.<br \/>\nBrut:16,50 kg.<\/p>\n","protected":false},"excerpt":{"rendered":"<p>Caract\u00e9ristiques techniques : Surface : Verre tremp\u00e9 de 8 mm (Noir) Type de support de casserole: Fonte Arr\u00eat de s\u00e9curit\u00e9<\/p>\n","protected":false},"featured_media":11022,"comment_status":"open","ping_status":"closed","template":"","meta":[],"product_brand":[],"product_cat":[292,281],"product_tag":[],"class_list":{"0":"post-11021","1":"product","2":"type-product","3":"status-publish","4":"has-post-thumbnail","6":"product_cat-5-bruleurs","7":"product_cat-plaques-a-gaz","9":"first","10":"instock","11":"taxable","12":"shipping-taxable","13":"purchasable","14":"product-type-variable","15":"has-default-attributes"},"yoast_head":"<!-- This site is optimized with the Yoast SEO plugin v27.3 - https:\/\/yoast.com\/product\/yoast-seo-wordpress\/ -->\n<title>Noir 70 cm Plaque Gaz GH7051KB - Millar limited<\/title>\n<meta name=\"robots\" content=\"index, follow, max-snippet:-1, max-image-preview:large, max-video-preview:-1\" \/>\n<link rel=\"canonical\" href=\"https:\/\/millargb.com\/fr\/produit\/gh7051kb\/\" \/>\n<meta property=\"og:locale\" content=\"fr_FR\" \/>\n<meta property=\"og:type\" content=\"article\" \/>\n<meta property=\"og:title\" content=\"Noir 70 cm Plaque Gaz GH7051KB - Millar limited\" \/>\n<meta property=\"og:description\" content=\"Caract\u00e9ristiques techniques : Surface : Verre tremp\u00e9 de 8 mm (Noir) Type de support de casserole: Fonte Arr\u00eat de s\u00e9curit\u00e9\" \/>\n<meta property=\"og:url\" content=\"https:\/\/millargb.com\/fr\/produit\/gh7051kb\/\" \/>\n<meta property=\"og:site_name\" content=\"Millar limited\" \/>\n<meta property=\"article:modified_time\" content=\"2021-08-04T10:22:50+00:00\" \/>\n<meta property=\"og:image\" content=\"https:\/\/millargb.com\/wp-content\/uploads\/2017\/08\/GH7051KB.jpg\" \/>\n\t<meta property=\"og:image:width\" content=\"1134\" \/>\n\t<meta property=\"og:image:height\" content=\"1134\" \/>\n\t<meta property=\"og:image:type\" content=\"image\/jpeg\" \/>\n<meta name=\"twitter:card\" content=\"summary_large_image\" \/>\n<meta name=\"twitter:label1\" content=\"Dur\u00e9e de lecture estim\u00e9e\" \/>\n\t<meta name=\"twitter:data1\" content=\"1 minute\" \/>\n<script type=\"application\/ld+json\" class=\"yoast-schema-graph\">{\"@context\":\"https:\\\/\\\/schema.org\",\"@graph\":[{\"@type\":\"WebPage\",\"@id\":\"https:\\\/\\\/millargb.com\\\/fr\\\/produit\\\/gh7051kb\\\/\",\"url\":\"https:\\\/\\\/millargb.com\\\/fr\\\/produit\\\/gh7051kb\\\/\",\"name\":\"Noir 70 cm Plaque Gaz GH7051KB - Millar limited\",\"isPartOf\":{\"@id\":\"https:\\\/\\\/millargb.com\\\/fr\\\/#website\"},\"primaryImageOfPage\":{\"@id\":\"https:\\\/\\\/millargb.com\\\/fr\\\/produit\\\/gh7051kb\\\/#primaryimage\"},\"image\":{\"@id\":\"https:\\\/\\\/millargb.com\\\/fr\\\/produit\\\/gh7051kb\\\/#primaryimage\"},\"thumbnailUrl\":\"https:\\\/\\\/millargb.com\\\/wp-content\\\/uploads\\\/2017\\\/08\\\/GH7051KB.jpg\",\"datePublished\":\"2017-08-12T16:35:20+00:00\",\"dateModified\":\"2021-08-04T10:22:50+00:00\",\"breadcrumb\":{\"@id\":\"https:\\\/\\\/millargb.com\\\/fr\\\/produit\\\/gh7051kb\\\/#breadcrumb\"},\"inLanguage\":\"fr-FR\",\"potentialAction\":[{\"@type\":\"ReadAction\",\"target\":[\"https:\\\/\\\/millargb.com\\\/fr\\\/produit\\\/gh7051kb\\\/\"]}]},{\"@type\":\"ImageObject\",\"inLanguage\":\"fr-FR\",\"@id\":\"https:\\\/\\\/millargb.com\\\/fr\\\/produit\\\/gh7051kb\\\/#primaryimage\",\"url\":\"https:\\\/\\\/millargb.com\\\/wp-content\\\/uploads\\\/2017\\\/08\\\/GH7051KB.jpg\",\"contentUrl\":\"https:\\\/\\\/millargb.com\\\/wp-content\\\/uploads\\\/2017\\\/08\\\/GH7051KB.jpg\",\"width\":1134,\"height\":1134},{\"@type\":\"BreadcrumbList\",\"@id\":\"https:\\\/\\\/millargb.com\\\/fr\\\/produit\\\/gh7051kb\\\/#breadcrumb\",\"itemListElement\":[{\"@type\":\"ListItem\",\"position\":1,\"name\":\"Home\",\"item\":\"https:\\\/\\\/millargb.com\\\/fr\\\/\"},{\"@type\":\"ListItem\",\"position\":2,\"name\":\"Shop\",\"item\":\"https:\\\/\\\/millargb.com\\\/en\\\/shop\\\/\"},{\"@type\":\"ListItem\",\"position\":3,\"name\":\"Noir 70 cm Plaque Gaz GH7051KB\"}]},{\"@type\":\"WebSite\",\"@id\":\"https:\\\/\\\/millargb.com\\\/fr\\\/#website\",\"url\":\"https:\\\/\\\/millargb.com\\\/fr\\\/\",\"name\":\"Millar limited\",\"description\":\"Kitchen Appliances | Gas Hobs, Ovens, Hoods &amp; Accessories\",\"potentialAction\":[{\"@type\":\"SearchAction\",\"target\":{\"@type\":\"EntryPoint\",\"urlTemplate\":\"https:\\\/\\\/millargb.com\\\/fr\\\/?s={search_term_string}\"},\"query-input\":{\"@type\":\"PropertyValueSpecification\",\"valueRequired\":true,\"valueName\":\"search_term_string\"}}],\"inLanguage\":\"fr-FR\"}]}<\/script>\n<!-- \/ Yoast SEO plugin. -->","yoast_head_json":{"title":"Noir 70 cm Plaque Gaz GH7051KB - Millar limited","robots":{"index":"index","follow":"follow","max-snippet":"max-snippet:-1","max-image-preview":"max-image-preview:large","max-video-preview":"max-video-preview:-1"},"canonical":"https:\/\/millargb.com\/fr\/produit\/gh7051kb\/","og_locale":"fr_FR","og_type":"article","og_title":"Noir 70 cm Plaque Gaz GH7051KB - Millar limited","og_description":"Caract\u00e9ristiques techniques : Surface : Verre tremp\u00e9 de 8 mm (Noir) Type de support de casserole: Fonte Arr\u00eat de s\u00e9curit\u00e9","og_url":"https:\/\/millargb.com\/fr\/produit\/gh7051kb\/","og_site_name":"Millar limited","article_modified_time":"2021-08-04T10:22:50+00:00","og_image":[{"width":1134,"height":1134,"url":"https:\/\/millargb.com\/wp-content\/uploads\/2017\/08\/GH7051KB.jpg","type":"image\/jpeg"}],"twitter_card":"summary_large_image","twitter_misc":{"Dur\u00e9e de lecture estim\u00e9e":"1 minute"},"schema":{"@context":"https:\/\/schema.org","@graph":[{"@type":"WebPage","@id":"https:\/\/millargb.com\/fr\/produit\/gh7051kb\/","url":"https:\/\/millargb.com\/fr\/produit\/gh7051kb\/","name":"Noir 70 cm Plaque Gaz GH7051KB - Millar limited","isPartOf":{"@id":"https:\/\/millargb.com\/fr\/#website"},"primaryImageOfPage":{"@id":"https:\/\/millargb.com\/fr\/produit\/gh7051kb\/#primaryimage"},"image":{"@id":"https:\/\/millargb.com\/fr\/produit\/gh7051kb\/#primaryimage"},"thumbnailUrl":"https:\/\/millargb.com\/wp-content\/uploads\/2017\/08\/GH7051KB.jpg","datePublished":"2017-08-12T16:35:20+00:00","dateModified":"2021-08-04T10:22:50+00:00","breadcrumb":{"@id":"https:\/\/millargb.com\/fr\/produit\/gh7051kb\/#breadcrumb"},"inLanguage":"fr-FR","potentialAction":[{"@type":"ReadAction","target":["https:\/\/millargb.com\/fr\/produit\/gh7051kb\/"]}]},{"@type":"ImageObject","inLanguage":"fr-FR","@id":"https:\/\/millargb.com\/fr\/produit\/gh7051kb\/#primaryimage","url":"https:\/\/millargb.com\/wp-content\/uploads\/2017\/08\/GH7051KB.jpg","contentUrl":"https:\/\/millargb.com\/wp-content\/uploads\/2017\/08\/GH7051KB.jpg","width":1134,"height":1134},{"@type":"BreadcrumbList","@id":"https:\/\/millargb.com\/fr\/produit\/gh7051kb\/#breadcrumb","itemListElement":[{"@type":"ListItem","position":1,"name":"Home","item":"https:\/\/millargb.com\/fr\/"},{"@type":"ListItem","position":2,"name":"Shop","item":"https:\/\/millargb.com\/en\/shop\/"},{"@type":"ListItem","position":3,"name":"Noir 70 cm Plaque Gaz GH7051KB"}]},{"@type":"WebSite","@id":"https:\/\/millargb.com\/fr\/#website","url":"https:\/\/millargb.com\/fr\/","name":"Millar limited","description":"Kitchen Appliances | Gas Hobs, Ovens, Hoods &amp; Accessories","potentialAction":[{"@type":"SearchAction","target":{"@type":"EntryPoint","urlTemplate":"https:\/\/millargb.com\/fr\/?s={search_term_string}"},"query-input":{"@type":"PropertyValueSpecification","valueRequired":true,"valueName":"search_term_string"}}],"inLanguage":"fr-FR"}]}},"_links":{"self":[{"href":"https:\/\/millargb.com\/fr\/wp-json\/wp\/v2\/product\/11021","targetHints":{"allow":["GET"]}}],"collection":[{"href":"https:\/\/millargb.com\/fr\/wp-json\/wp\/v2\/product"}],"about":[{"href":"https:\/\/millargb.com\/fr\/wp-json\/wp\/v2\/types\/product"}],"replies":[{"embeddable":true,"href":"https:\/\/millargb.com\/fr\/wp-json\/wp\/v2\/comments?post=11021"}],"wp:featuredmedia":[{"embeddable":true,"href":"https:\/\/millargb.com\/fr\/wp-json\/wp\/v2\/media\/11022"}],"wp:attachment":[{"href":"https:\/\/millargb.com\/fr\/wp-json\/wp\/v2\/media?parent=11021"}],"wp:term":[{"taxonomy":"product_brand","embeddable":true,"href":"https:\/\/millargb.com\/fr\/wp-json\/wp\/v2\/product_brand?post=11021"},{"taxonomy":"product_cat","embeddable":true,"href":"https:\/\/millargb.com\/fr\/wp-json\/wp\/v2\/product_cat?post=11021"},{"taxonomy":"product_tag","embeddable":true,"href":"https:\/\/millargb.com\/fr\/wp-json\/wp\/v2\/product_tag?post=11021"}],"curies":[{"name":"wp","href":"https:\/\/api.w.org\/{rel}","templated":true}]}}