{"id":11005,"date":"2017-08-12T16:37:06","date_gmt":"2017-08-12T15:37:06","guid":{"rendered":"https:\/\/millargb.com\/product\/gh3020pb\/"},"modified":"2025-06-12T17:54:13","modified_gmt":"2025-06-12T16:54:13","slug":"gh3020pb","status":"publish","type":"product","link":"https:\/\/millargb.com\/fr\/produit\/gh3020pb\/","title":{"rendered":"Noir 30 cm Plaque Gaz GH3020PB"},"content":{"rendered":"<p><strong>Caract\u00e9ristiques techniques :<\/strong><\/p>\n<p>Surface : Verre tremp\u00e9 de 8 mm (Noir)<br \/>\nType de support de casserole: Fonte<br \/>\nArr\u00eat de s\u00e9curit\u00e9 automatique : Oui<br \/>\nType d&rsquo;allumage : Automatique<br \/>\nType de commande : Bouton rotatif<br \/>\nType de gaz: Gaz naturel, GPL<\/p>\n<p><strong>Puissance des feux de cuisson :<\/strong><\/p>\n<p>1 br\u00fbleur semi-rapides 1,80 kW.<br \/>\n1 br\u00fbleur rapide 2,4 kW.<\/p>\n<p><b>Dimensions (en mm) :<\/b><br \/>\nDimensions du produit (L x P x H) : 300 x 510 x 94 mm.<br \/>\nDimensions de la d\u00e9coupe (L x P) : 270 x 480 mm.<br \/>\nHauteur encastr\u00e9e\u202f: 40 mm.<br \/>\nDimensions du colis (L x P x H) : 350 x 565 x 165 mm.<\/p>\n<p><b>Poids :<\/b><br \/>\nNet: 6,50 kg.<br \/>\nBrut: 7,50 kg.<\/p>\n","protected":false},"excerpt":{"rendered":"<p>Caract\u00e9ristiques techniques : Surface : Verre tremp\u00e9 de 8 mm (Noir) Type de support de casserole: Fonte Arr\u00eat de s\u00e9curit\u00e9<\/p>\n","protected":false},"featured_media":11006,"comment_status":"open","ping_status":"closed","template":"","meta":[],"product_brand":[],"product_cat":[282,281],"product_tag":[],"class_list":{"0":"post-11005","1":"product","2":"type-product","3":"status-publish","4":"has-post-thumbnail","6":"product_cat-2-bruleurs","7":"product_cat-plaques-a-gaz","9":"first","10":"instock","11":"taxable","12":"shipping-taxable","13":"purchasable","14":"product-type-variable","15":"has-default-attributes"},"yoast_head":"<!-- This site is optimized with the Yoast SEO plugin v27.3 - https:\/\/yoast.com\/product\/yoast-seo-wordpress\/ -->\n<title>Noir 30 cm Plaque Gaz GH3020PB - Millar limited<\/title>\n<meta name=\"robots\" content=\"index, follow, max-snippet:-1, max-image-preview:large, max-video-preview:-1\" \/>\n<link rel=\"canonical\" href=\"https:\/\/millargb.com\/fr\/produit\/gh3020pb\/\" \/>\n<meta property=\"og:locale\" content=\"fr_FR\" \/>\n<meta property=\"og:type\" content=\"article\" \/>\n<meta property=\"og:title\" content=\"Noir 30 cm Plaque Gaz GH3020PB - Millar limited\" \/>\n<meta property=\"og:description\" content=\"Caract\u00e9ristiques techniques : Surface : Verre tremp\u00e9 de 8 mm (Noir) Type de support de casserole: Fonte Arr\u00eat de s\u00e9curit\u00e9\" \/>\n<meta property=\"og:url\" content=\"https:\/\/millargb.com\/fr\/produit\/gh3020pb\/\" \/>\n<meta property=\"og:site_name\" content=\"Millar limited\" \/>\n<meta property=\"article:modified_time\" content=\"2025-06-12T16:54:13+00:00\" \/>\n<meta property=\"og:image\" content=\"https:\/\/millargb.com\/wp-content\/uploads\/2017\/08\/GH3020PB.jpg\" \/>\n\t<meta property=\"og:image:width\" content=\"1134\" \/>\n\t<meta property=\"og:image:height\" content=\"1134\" \/>\n\t<meta property=\"og:image:type\" content=\"image\/jpeg\" \/>\n<meta name=\"twitter:card\" content=\"summary_large_image\" \/>\n<script type=\"application\/ld+json\" class=\"yoast-schema-graph\">{\"@context\":\"https:\\\/\\\/schema.org\",\"@graph\":[{\"@type\":\"WebPage\",\"@id\":\"https:\\\/\\\/millargb.com\\\/fr\\\/produit\\\/gh3020pb\\\/\",\"url\":\"https:\\\/\\\/millargb.com\\\/fr\\\/produit\\\/gh3020pb\\\/\",\"name\":\"Noir 30 cm Plaque Gaz GH3020PB - Millar limited\",\"isPartOf\":{\"@id\":\"https:\\\/\\\/millargb.com\\\/fr\\\/#website\"},\"primaryImageOfPage\":{\"@id\":\"https:\\\/\\\/millargb.com\\\/fr\\\/produit\\\/gh3020pb\\\/#primaryimage\"},\"image\":{\"@id\":\"https:\\\/\\\/millargb.com\\\/fr\\\/produit\\\/gh3020pb\\\/#primaryimage\"},\"thumbnailUrl\":\"https:\\\/\\\/millargb.com\\\/wp-content\\\/uploads\\\/2017\\\/08\\\/GH3020PB.jpg\",\"datePublished\":\"2017-08-12T15:37:06+00:00\",\"dateModified\":\"2025-06-12T16:54:13+00:00\",\"breadcrumb\":{\"@id\":\"https:\\\/\\\/millargb.com\\\/fr\\\/produit\\\/gh3020pb\\\/#breadcrumb\"},\"inLanguage\":\"fr-FR\",\"potentialAction\":[{\"@type\":\"ReadAction\",\"target\":[\"https:\\\/\\\/millargb.com\\\/fr\\\/produit\\\/gh3020pb\\\/\"]}]},{\"@type\":\"ImageObject\",\"inLanguage\":\"fr-FR\",\"@id\":\"https:\\\/\\\/millargb.com\\\/fr\\\/produit\\\/gh3020pb\\\/#primaryimage\",\"url\":\"https:\\\/\\\/millargb.com\\\/wp-content\\\/uploads\\\/2017\\\/08\\\/GH3020PB.jpg\",\"contentUrl\":\"https:\\\/\\\/millargb.com\\\/wp-content\\\/uploads\\\/2017\\\/08\\\/GH3020PB.jpg\",\"width\":1134,\"height\":1134},{\"@type\":\"BreadcrumbList\",\"@id\":\"https:\\\/\\\/millargb.com\\\/fr\\\/produit\\\/gh3020pb\\\/#breadcrumb\",\"itemListElement\":[{\"@type\":\"ListItem\",\"position\":1,\"name\":\"Home\",\"item\":\"https:\\\/\\\/millargb.com\\\/fr\\\/\"},{\"@type\":\"ListItem\",\"position\":2,\"name\":\"Shop\",\"item\":\"https:\\\/\\\/millargb.com\\\/en\\\/shop\\\/\"},{\"@type\":\"ListItem\",\"position\":3,\"name\":\"Noir 30 cm Plaque Gaz GH3020PB\"}]},{\"@type\":\"WebSite\",\"@id\":\"https:\\\/\\\/millargb.com\\\/fr\\\/#website\",\"url\":\"https:\\\/\\\/millargb.com\\\/fr\\\/\",\"name\":\"Millar limited\",\"description\":\"Kitchen Appliances | Gas Hobs, Ovens, Hoods &amp; Accessories\",\"potentialAction\":[{\"@type\":\"SearchAction\",\"target\":{\"@type\":\"EntryPoint\",\"urlTemplate\":\"https:\\\/\\\/millargb.com\\\/fr\\\/?s={search_term_string}\"},\"query-input\":{\"@type\":\"PropertyValueSpecification\",\"valueRequired\":true,\"valueName\":\"search_term_string\"}}],\"inLanguage\":\"fr-FR\"}]}<\/script>\n<!-- \/ Yoast SEO plugin. -->","yoast_head_json":{"title":"Noir 30 cm Plaque Gaz GH3020PB - Millar limited","robots":{"index":"index","follow":"follow","max-snippet":"max-snippet:-1","max-image-preview":"max-image-preview:large","max-video-preview":"max-video-preview:-1"},"canonical":"https:\/\/millargb.com\/fr\/produit\/gh3020pb\/","og_locale":"fr_FR","og_type":"article","og_title":"Noir 30 cm Plaque Gaz GH3020PB - Millar limited","og_description":"Caract\u00e9ristiques techniques : Surface : Verre tremp\u00e9 de 8 mm (Noir) Type de support de casserole: Fonte Arr\u00eat de s\u00e9curit\u00e9","og_url":"https:\/\/millargb.com\/fr\/produit\/gh3020pb\/","og_site_name":"Millar limited","article_modified_time":"2025-06-12T16:54:13+00:00","og_image":[{"width":1134,"height":1134,"url":"https:\/\/millargb.com\/wp-content\/uploads\/2017\/08\/GH3020PB.jpg","type":"image\/jpeg"}],"twitter_card":"summary_large_image","schema":{"@context":"https:\/\/schema.org","@graph":[{"@type":"WebPage","@id":"https:\/\/millargb.com\/fr\/produit\/gh3020pb\/","url":"https:\/\/millargb.com\/fr\/produit\/gh3020pb\/","name":"Noir 30 cm Plaque Gaz GH3020PB - Millar limited","isPartOf":{"@id":"https:\/\/millargb.com\/fr\/#website"},"primaryImageOfPage":{"@id":"https:\/\/millargb.com\/fr\/produit\/gh3020pb\/#primaryimage"},"image":{"@id":"https:\/\/millargb.com\/fr\/produit\/gh3020pb\/#primaryimage"},"thumbnailUrl":"https:\/\/millargb.com\/wp-content\/uploads\/2017\/08\/GH3020PB.jpg","datePublished":"2017-08-12T15:37:06+00:00","dateModified":"2025-06-12T16:54:13+00:00","breadcrumb":{"@id":"https:\/\/millargb.com\/fr\/produit\/gh3020pb\/#breadcrumb"},"inLanguage":"fr-FR","potentialAction":[{"@type":"ReadAction","target":["https:\/\/millargb.com\/fr\/produit\/gh3020pb\/"]}]},{"@type":"ImageObject","inLanguage":"fr-FR","@id":"https:\/\/millargb.com\/fr\/produit\/gh3020pb\/#primaryimage","url":"https:\/\/millargb.com\/wp-content\/uploads\/2017\/08\/GH3020PB.jpg","contentUrl":"https:\/\/millargb.com\/wp-content\/uploads\/2017\/08\/GH3020PB.jpg","width":1134,"height":1134},{"@type":"BreadcrumbList","@id":"https:\/\/millargb.com\/fr\/produit\/gh3020pb\/#breadcrumb","itemListElement":[{"@type":"ListItem","position":1,"name":"Home","item":"https:\/\/millargb.com\/fr\/"},{"@type":"ListItem","position":2,"name":"Shop","item":"https:\/\/millargb.com\/en\/shop\/"},{"@type":"ListItem","position":3,"name":"Noir 30 cm Plaque Gaz GH3020PB"}]},{"@type":"WebSite","@id":"https:\/\/millargb.com\/fr\/#website","url":"https:\/\/millargb.com\/fr\/","name":"Millar limited","description":"Kitchen Appliances | Gas Hobs, Ovens, Hoods &amp; Accessories","potentialAction":[{"@type":"SearchAction","target":{"@type":"EntryPoint","urlTemplate":"https:\/\/millargb.com\/fr\/?s={search_term_string}"},"query-input":{"@type":"PropertyValueSpecification","valueRequired":true,"valueName":"search_term_string"}}],"inLanguage":"fr-FR"}]}},"_links":{"self":[{"href":"https:\/\/millargb.com\/fr\/wp-json\/wp\/v2\/product\/11005","targetHints":{"allow":["GET"]}}],"collection":[{"href":"https:\/\/millargb.com\/fr\/wp-json\/wp\/v2\/product"}],"about":[{"href":"https:\/\/millargb.com\/fr\/wp-json\/wp\/v2\/types\/product"}],"replies":[{"embeddable":true,"href":"https:\/\/millargb.com\/fr\/wp-json\/wp\/v2\/comments?post=11005"}],"wp:featuredmedia":[{"embeddable":true,"href":"https:\/\/millargb.com\/fr\/wp-json\/wp\/v2\/media\/11006"}],"wp:attachment":[{"href":"https:\/\/millargb.com\/fr\/wp-json\/wp\/v2\/media?parent=11005"}],"wp:term":[{"taxonomy":"product_brand","embeddable":true,"href":"https:\/\/millargb.com\/fr\/wp-json\/wp\/v2\/product_brand?post=11005"},{"taxonomy":"product_cat","embeddable":true,"href":"https:\/\/millargb.com\/fr\/wp-json\/wp\/v2\/product_cat?post=11005"},{"taxonomy":"product_tag","embeddable":true,"href":"https:\/\/millargb.com\/fr\/wp-json\/wp\/v2\/product_tag?post=11005"}],"curies":[{"name":"wp","href":"https:\/\/api.w.org\/{rel}","templated":true}]}}