{"id":10992,"date":"2019-07-12T15:09:19","date_gmt":"2019-07-12T14:09:19","guid":{"rendered":"https:\/\/millargb.com\/product\/gh7051pr\/"},"modified":"2021-08-04T11:14:07","modified_gmt":"2021-08-04T10:14:07","slug":"gh7051pr","status":"publish","type":"product","link":"https:\/\/millargb.com\/fr\/produit\/gh7051pr\/","title":{"rendered":"Rouge 70 cm Plaque Gaz GH7051PR"},"content":{"rendered":"<p><strong>Caract\u00e9ristiques techniques :<\/strong><\/p>\n<p>Surface : Verre tremp\u00e9 de 8 mm (Rouge)<br \/>\nType de support de casserole: Fonte<br \/>\nArr\u00eat de s\u00e9curit\u00e9 automatique : Oui<br \/>\nType d&rsquo;allumage : Automatique<br \/>\nType de commande : Bouton rotatif<br \/>\nType de gaz: Gaz naturel, GPL<\/p>\n<p><strong>Puissance des feux de cuisson :<\/strong><\/p>\n<p>1 br\u00fbleur auxiliaire 1,0 kW.<br \/>\n2 br\u00fbleurs semi-rapides 1,80 kW.<br \/>\n1 br\u00fbleur rapide 2,4 kW.<br \/>\n1 br\u00fbleur Wok 3,5 kW.<\/p>\n<p><b>Dimensions (en mm) :<\/b><br \/>\nDimensions du produit (L x P x H) : 700 x 510 x 94 mm.<br \/>\nDimensions de la d\u00e9coupe (L x P) : 560 x 480 mm.<br \/>\nHauteur encastr\u00e9e\u202f: 40 mm.<br \/>\nDimensions du colis (L x P x H) : 750 x 565 x 165 mm.<\/p>\n<p><b>Poids :<\/b><br \/>\n&#8211; 14,50 kg.<br \/>\nPoids total : 16,50 kg.<\/p>\n","protected":false},"excerpt":{"rendered":"<div id=\"featurebullets_feature_div\" class=\"celwidget flavor-2955\" data-feature-name=\"featurebullets\" data-csa-c-id=\"xlrmzs-w6kh44-61a1mr-oyzwqg\" data-cel-widget=\"featurebullets_feature_div\">\n<div id=\"feature-bullets\" class=\"a-section a-spacing-medium a-spacing-top-small\">\n<p>&nbsp;<\/p>\n<ul class=\"a-unordered-list a-vertical a-spacing-mini\">\n<li><span class=\"a-list-item\">Dimensioni del prodotto (L x P x A):700 x 510 x 100 mm * Dimensioni ingombro interno: (L x P)560 x 480 mm * Profondit\u00e0 incasso:40 mm.<\/span><\/li>\n<li><span class=\"a-list-item\">usiliario da 1,0 kW; 2 fornelli semi-rapidi da 1,80 kW; 1 fornello rapido da 2,4 kW; 1 fornello per Wok da 3,5 kW.<\/span><\/li>\n<li><span class=\"a-list-item\">Sicurezza gas sicurflame rodotto alimentato a gas metano ossibilit\u00e0 di alimentazione gpl<\/span><\/li>\n<li><span class=\"a-list-item\">Funzione Gas Safety: ti assicura massima sicurezza in cucina<\/span><\/li>\n<\/ul>\n<\/div>\n<\/div>\n<div id=\"HLCXComparisonJumplink_feature_div\"><\/div>\n","protected":false},"featured_media":10994,"comment_status":"open","ping_status":"closed","template":"","meta":[],"product_brand":[],"product_cat":[292,281],"product_tag":[284],"class_list":{"0":"post-10992","1":"product","2":"type-product","3":"status-publish","4":"has-post-thumbnail","6":"product_cat-5-bruleurs","7":"product_cat-plaques-a-gaz","8":"product_tag-featured-fr","10":"first","11":"instock","12":"taxable","13":"shipping-taxable","14":"purchasable","15":"product-type-variable","16":"has-default-attributes"},"yoast_head":"<!-- This site is optimized with the Yoast SEO plugin v27.4 - https:\/\/yoast.com\/product\/yoast-seo-wordpress\/ -->\n<title>Rouge 70 cm Plaque Gaz GH7051PR - Millar limited<\/title>\n<meta name=\"robots\" content=\"index, follow, max-snippet:-1, max-image-preview:large, max-video-preview:-1\" \/>\n<link rel=\"canonical\" href=\"https:\/\/millargb.com\/fr\/produit\/gh7051pr\/\" \/>\n<meta property=\"og:locale\" content=\"fr_FR\" \/>\n<meta property=\"og:type\" content=\"article\" \/>\n<meta property=\"og:title\" content=\"Rouge 70 cm Plaque Gaz GH7051PR - Millar limited\" \/>\n<meta property=\"og:description\" content=\"&nbsp;   Dimensioni del prodotto (L x P x A):700 x 510 x 100 mm * Dimensioni ingombro interno: (L x P)560 x 480 mm * Profondit\u00e0 incasso:40 mm.  usiliario da 1,0 kW; 2 fornelli semi-rapidi da 1,80 kW; 1 fornello rapido da 2,4 kW; 1 fornello per Wok da 3,5 kW.  Sicurezza gas sicurflame rodotto alimentato a gas metano ossibilit\u00e0 di alimentazione gpl  Funzione Gas Safety: ti assicura massima sicurezza in cucina\" \/>\n<meta property=\"og:url\" content=\"https:\/\/millargb.com\/fr\/produit\/gh7051pr\/\" \/>\n<meta property=\"og:site_name\" content=\"Millar limited\" \/>\n<meta property=\"article:modified_time\" content=\"2021-08-04T10:14:07+00:00\" \/>\n<meta property=\"og:image\" content=\"https:\/\/millargb.com\/wp-content\/uploads\/2019\/07\/GH7051PR-website.jpg\" \/>\n\t<meta property=\"og:image:width\" content=\"1134\" \/>\n\t<meta property=\"og:image:height\" content=\"1134\" \/>\n\t<meta property=\"og:image:type\" content=\"image\/jpeg\" \/>\n<meta name=\"twitter:card\" content=\"summary_large_image\" \/>\n<meta name=\"twitter:label1\" content=\"Dur\u00e9e de lecture estim\u00e9e\" \/>\n\t<meta name=\"twitter:data1\" content=\"1 minute\" \/>\n<script type=\"application\/ld+json\" class=\"yoast-schema-graph\">{\"@context\":\"https:\\\/\\\/schema.org\",\"@graph\":[{\"@type\":\"WebPage\",\"@id\":\"https:\\\/\\\/millargb.com\\\/fr\\\/produit\\\/gh7051pr\\\/\",\"url\":\"https:\\\/\\\/millargb.com\\\/fr\\\/produit\\\/gh7051pr\\\/\",\"name\":\"Rouge 70 cm Plaque Gaz GH7051PR - Millar limited\",\"isPartOf\":{\"@id\":\"https:\\\/\\\/millargb.com\\\/fr\\\/#website\"},\"primaryImageOfPage\":{\"@id\":\"https:\\\/\\\/millargb.com\\\/fr\\\/produit\\\/gh7051pr\\\/#primaryimage\"},\"image\":{\"@id\":\"https:\\\/\\\/millargb.com\\\/fr\\\/produit\\\/gh7051pr\\\/#primaryimage\"},\"thumbnailUrl\":\"https:\\\/\\\/millargb.com\\\/wp-content\\\/uploads\\\/2019\\\/07\\\/GH7051PR-website.jpg\",\"datePublished\":\"2019-07-12T14:09:19+00:00\",\"dateModified\":\"2021-08-04T10:14:07+00:00\",\"breadcrumb\":{\"@id\":\"https:\\\/\\\/millargb.com\\\/fr\\\/produit\\\/gh7051pr\\\/#breadcrumb\"},\"inLanguage\":\"fr-FR\",\"potentialAction\":[{\"@type\":\"ReadAction\",\"target\":[\"https:\\\/\\\/millargb.com\\\/fr\\\/produit\\\/gh7051pr\\\/\"]}]},{\"@type\":\"ImageObject\",\"inLanguage\":\"fr-FR\",\"@id\":\"https:\\\/\\\/millargb.com\\\/fr\\\/produit\\\/gh7051pr\\\/#primaryimage\",\"url\":\"https:\\\/\\\/millargb.com\\\/wp-content\\\/uploads\\\/2019\\\/07\\\/GH7051PR-website.jpg\",\"contentUrl\":\"https:\\\/\\\/millargb.com\\\/wp-content\\\/uploads\\\/2019\\\/07\\\/GH7051PR-website.jpg\",\"width\":1134,\"height\":1134},{\"@type\":\"BreadcrumbList\",\"@id\":\"https:\\\/\\\/millargb.com\\\/fr\\\/produit\\\/gh7051pr\\\/#breadcrumb\",\"itemListElement\":[{\"@type\":\"ListItem\",\"position\":1,\"name\":\"Home\",\"item\":\"https:\\\/\\\/millargb.com\\\/fr\\\/\"},{\"@type\":\"ListItem\",\"position\":2,\"name\":\"Shop\",\"item\":\"https:\\\/\\\/millargb.com\\\/en\\\/shop\\\/\"},{\"@type\":\"ListItem\",\"position\":3,\"name\":\"Rouge 70 cm Plaque Gaz GH7051PR\"}]},{\"@type\":\"WebSite\",\"@id\":\"https:\\\/\\\/millargb.com\\\/fr\\\/#website\",\"url\":\"https:\\\/\\\/millargb.com\\\/fr\\\/\",\"name\":\"Millar limited\",\"description\":\"Kitchen Appliances | Gas Hobs, Ovens, Hoods &amp; Accessories\",\"potentialAction\":[{\"@type\":\"SearchAction\",\"target\":{\"@type\":\"EntryPoint\",\"urlTemplate\":\"https:\\\/\\\/millargb.com\\\/fr\\\/?s={search_term_string}\"},\"query-input\":{\"@type\":\"PropertyValueSpecification\",\"valueRequired\":true,\"valueName\":\"search_term_string\"}}],\"inLanguage\":\"fr-FR\"}]}<\/script>\n<!-- \/ Yoast SEO plugin. -->","yoast_head_json":{"title":"Rouge 70 cm Plaque Gaz GH7051PR - Millar limited","robots":{"index":"index","follow":"follow","max-snippet":"max-snippet:-1","max-image-preview":"max-image-preview:large","max-video-preview":"max-video-preview:-1"},"canonical":"https:\/\/millargb.com\/fr\/produit\/gh7051pr\/","og_locale":"fr_FR","og_type":"article","og_title":"Rouge 70 cm Plaque Gaz GH7051PR - Millar limited","og_description":"&nbsp;   Dimensioni del prodotto (L x P x A):700 x 510 x 100 mm * Dimensioni ingombro interno: (L x P)560 x 480 mm * Profondit\u00e0 incasso:40 mm.  usiliario da 1,0 kW; 2 fornelli semi-rapidi da 1,80 kW; 1 fornello rapido da 2,4 kW; 1 fornello per Wok da 3,5 kW.  Sicurezza gas sicurflame rodotto alimentato a gas metano ossibilit\u00e0 di alimentazione gpl  Funzione Gas Safety: ti assicura massima sicurezza in cucina","og_url":"https:\/\/millargb.com\/fr\/produit\/gh7051pr\/","og_site_name":"Millar limited","article_modified_time":"2021-08-04T10:14:07+00:00","og_image":[{"width":1134,"height":1134,"url":"https:\/\/millargb.com\/wp-content\/uploads\/2019\/07\/GH7051PR-website.jpg","type":"image\/jpeg"}],"twitter_card":"summary_large_image","twitter_misc":{"Dur\u00e9e de lecture estim\u00e9e":"1 minute"},"schema":{"@context":"https:\/\/schema.org","@graph":[{"@type":"WebPage","@id":"https:\/\/millargb.com\/fr\/produit\/gh7051pr\/","url":"https:\/\/millargb.com\/fr\/produit\/gh7051pr\/","name":"Rouge 70 cm Plaque Gaz GH7051PR - Millar limited","isPartOf":{"@id":"https:\/\/millargb.com\/fr\/#website"},"primaryImageOfPage":{"@id":"https:\/\/millargb.com\/fr\/produit\/gh7051pr\/#primaryimage"},"image":{"@id":"https:\/\/millargb.com\/fr\/produit\/gh7051pr\/#primaryimage"},"thumbnailUrl":"https:\/\/millargb.com\/wp-content\/uploads\/2019\/07\/GH7051PR-website.jpg","datePublished":"2019-07-12T14:09:19+00:00","dateModified":"2021-08-04T10:14:07+00:00","breadcrumb":{"@id":"https:\/\/millargb.com\/fr\/produit\/gh7051pr\/#breadcrumb"},"inLanguage":"fr-FR","potentialAction":[{"@type":"ReadAction","target":["https:\/\/millargb.com\/fr\/produit\/gh7051pr\/"]}]},{"@type":"ImageObject","inLanguage":"fr-FR","@id":"https:\/\/millargb.com\/fr\/produit\/gh7051pr\/#primaryimage","url":"https:\/\/millargb.com\/wp-content\/uploads\/2019\/07\/GH7051PR-website.jpg","contentUrl":"https:\/\/millargb.com\/wp-content\/uploads\/2019\/07\/GH7051PR-website.jpg","width":1134,"height":1134},{"@type":"BreadcrumbList","@id":"https:\/\/millargb.com\/fr\/produit\/gh7051pr\/#breadcrumb","itemListElement":[{"@type":"ListItem","position":1,"name":"Home","item":"https:\/\/millargb.com\/fr\/"},{"@type":"ListItem","position":2,"name":"Shop","item":"https:\/\/millargb.com\/en\/shop\/"},{"@type":"ListItem","position":3,"name":"Rouge 70 cm Plaque Gaz GH7051PR"}]},{"@type":"WebSite","@id":"https:\/\/millargb.com\/fr\/#website","url":"https:\/\/millargb.com\/fr\/","name":"Millar limited","description":"Kitchen Appliances | Gas Hobs, Ovens, Hoods &amp; Accessories","potentialAction":[{"@type":"SearchAction","target":{"@type":"EntryPoint","urlTemplate":"https:\/\/millargb.com\/fr\/?s={search_term_string}"},"query-input":{"@type":"PropertyValueSpecification","valueRequired":true,"valueName":"search_term_string"}}],"inLanguage":"fr-FR"}]}},"_links":{"self":[{"href":"https:\/\/millargb.com\/fr\/wp-json\/wp\/v2\/product\/10992","targetHints":{"allow":["GET"]}}],"collection":[{"href":"https:\/\/millargb.com\/fr\/wp-json\/wp\/v2\/product"}],"about":[{"href":"https:\/\/millargb.com\/fr\/wp-json\/wp\/v2\/types\/product"}],"replies":[{"embeddable":true,"href":"https:\/\/millargb.com\/fr\/wp-json\/wp\/v2\/comments?post=10992"}],"wp:featuredmedia":[{"embeddable":true,"href":"https:\/\/millargb.com\/fr\/wp-json\/wp\/v2\/media\/10994"}],"wp:attachment":[{"href":"https:\/\/millargb.com\/fr\/wp-json\/wp\/v2\/media?parent=10992"}],"wp:term":[{"taxonomy":"product_brand","embeddable":true,"href":"https:\/\/millargb.com\/fr\/wp-json\/wp\/v2\/product_brand?post=10992"},{"taxonomy":"product_cat","embeddable":true,"href":"https:\/\/millargb.com\/fr\/wp-json\/wp\/v2\/product_cat?post=10992"},{"taxonomy":"product_tag","embeddable":true,"href":"https:\/\/millargb.com\/fr\/wp-json\/wp\/v2\/product_tag?post=10992"}],"curies":[{"name":"wp","href":"https:\/\/api.w.org\/{rel}","templated":true}]}}