{"id":13824,"date":"2024-06-20T11:17:27","date_gmt":"2024-06-20T10:17:27","guid":{"rendered":"https:\/\/millargb.com\/?page_id=13824"},"modified":"2024-07-05T11:56:05","modified_gmt":"2024-07-05T10:56:05","slug":"gpsr","status":"publish","type":"page","link":"https:\/\/millargb.com\/en\/gpsr\/","title":{"rendered":"GPSR"},"content":{"rendered":"\n<details class=\"wp-block-details is-layout-flow wp-block-details-is-layout-flow\"><summary><br>EN: E.U. Responsible Person.<br>IT: UNIONE EUROPEA. Persona responsabile<br>FR: UE. Responsable<br>DE: EU. Verantwortliche<br>Marketa Hofrova<br>Loucky 184<br>Odry<br>CZ<br>74236\u00a0<br>420602349900\u00a0<br>mh@millargb.com<br>\u2014\u2014\u2014\u2014\u2014\u2014\u2014\u2014\u2014\u2014\u2014\u2013<br>EN: Manufacturer<br>IT: Producer<br>FR: Manufacturer<br>DE: Hersteller<br>Millar<br>10 Hornby Street<br>Manchester<br>M88DQ<br>England<br>Info@millargb.com<br>+44 161-819-1065<br>\u2014\u2014\u2014\u2014\u2014\u2014\u2014\u2014\u2014\u2014\u2014\u2013<br><br>EN:<br>The Gas Hob user manual contains all safety information and warnings. Digital user manual can be found on the link below.<br>English Manual click to <a href=\"https:\/\/millargb.com\/wp-content\/uploads\/2022\/08\/Millar-Manual-Gas-Hob.pdf\">download<\/a><br>IT:<br>Il manuale utente del piano cottura a gas contiene tutte le informazioni e le avvertenze sulla sicurezza. Il manuale utente digitale \u00e8 disponibile al link sottostante.<br><a href=\"https:\/\/millargb.com\/wp-content\/uploads\/2024\/06\/Manuale-utente-Piani-cottura-a-gas-Millar-Traduzione-italiana.pdf\">Manuale utente Piani cottura a gas Millar \u2013 Traduzione italiana<\/a><br><br>FR:<br>Le manuel d\u2019utilisation de la table de cuisson \u00e0 gaz contient toutes les informations et avertissements de s\u00e9curit\u00e9. Le manuel d\u2019utilisation num\u00e9rique peut \u00eatre trouv\u00e9 sur le lien ci-dessous.<br><a href=\"https:\/\/millargb.com\/wp-content\/uploads\/2024\/06\/Mode-demploi-de-la-table-de-cuisson-a-gaz-Millar-%E2%80%93-traduction-francaise.pdf\">Mode d\u2019emploi de la table de cuisson \u00e0 gaz Millar \u2013 traduction fran\u00e7aise<\/a><br><br>DE:<br>Die Bedienungsanleitung des Gaskochfelds enth\u00e4lt alle Sicherheitsinformationen und Warnungen. Die digitale Bedienungsanleitung finden Sie unter dem untenstehenden Link.<br><a href=\"https:\/\/millargb.com\/wp-content\/uploads\/2024\/06\/Bedienungsanleitung-fur-Millar-Gaskochfelder-%E2%80%93-deutsche-Ubersetzung.pdf\">Bedienungsanleitung f\u00fcr Millar-Gaskochfelder \u2013 deutsche \u00dcbersetzung<\/a><\/summary>\n<p><\/p>\n<\/details>\n","protected":false},"excerpt":{"rendered":"EN: E.U. Responsible Person.IT: UNIONE EUROPEA. Persona responsabileFR: UE. ResponsableDE: EU. VerantwortlicheMarketa HofrovaLoucky 184OdryCZ74236\u00a0420602349900\u00a0mh@millargb.com\u2014\u2014\u2014\u2014\u2014\u2014\u2014\u2014\u2014\u2014\u2014\u2013EN: ManufacturerIT: ProducerFR: ManufacturerDE: HerstellerMillar10 Hornby StreetManchesterM88DQEnglandInfo@millargb.com+44","protected":false},"author":2,"featured_media":0,"parent":0,"menu_order":0,"comment_status":"closed","ping_status":"closed","template":"","meta":{"footnotes":""},"class_list":["post-13824","page","type-page","status-publish","hentry"],"yoast_head":"<!-- This site is optimized with the Yoast SEO plugin v27.4 - https:\/\/yoast.com\/product\/yoast-seo-wordpress\/ -->\n<title>GPSR - Millar limited<\/title>\n<meta name=\"description\" content=\"All required General Product Safety Regulation information will be available here in due course\" \/>\n<meta name=\"robots\" content=\"noindex, nofollow\" \/>\n<meta property=\"og:locale\" content=\"en_US\" \/>\n<meta property=\"og:type\" content=\"article\" \/>\n<meta property=\"og:title\" content=\"GPSR - Millar limited\" \/>\n<meta property=\"og:description\" content=\"All required General Product Safety Regulation information will be available here in due course\" \/>\n<meta property=\"og:url\" content=\"https:\/\/millargb.com\/en\/gpsr\/\" \/>\n<meta property=\"og:site_name\" content=\"Millar limited\" \/>\n<meta property=\"article:modified_time\" content=\"2024-07-05T10:56:05+00:00\" \/>\n<meta name=\"twitter:card\" content=\"summary_large_image\" \/>\n<meta name=\"twitter:label1\" content=\"Est. reading time\" \/>\n\t<meta name=\"twitter:data1\" content=\"1 minute\" \/>\n<script type=\"application\/ld+json\" class=\"yoast-schema-graph\">{\"@context\":\"https:\\\/\\\/schema.org\",\"@graph\":[{\"@type\":\"WebPage\",\"@id\":\"https:\\\/\\\/millargb.com\\\/en\\\/gpsr\\\/\",\"url\":\"https:\\\/\\\/millargb.com\\\/en\\\/gpsr\\\/\",\"name\":\"GPSR - Millar limited\",\"isPartOf\":{\"@id\":\"https:\\\/\\\/millargb.com\\\/en\\\/#website\"},\"datePublished\":\"2024-06-20T10:17:27+00:00\",\"dateModified\":\"2024-07-05T10:56:05+00:00\",\"description\":\"All required General Product Safety Regulation information will be available here in due course\",\"breadcrumb\":{\"@id\":\"https:\\\/\\\/millargb.com\\\/en\\\/gpsr\\\/#breadcrumb\"},\"inLanguage\":\"en-US\",\"potentialAction\":[{\"@type\":\"ReadAction\",\"target\":[\"https:\\\/\\\/millargb.com\\\/en\\\/gpsr\\\/\"]}]},{\"@type\":\"BreadcrumbList\",\"@id\":\"https:\\\/\\\/millargb.com\\\/en\\\/gpsr\\\/#breadcrumb\",\"itemListElement\":[{\"@type\":\"ListItem\",\"position\":1,\"name\":\"Home\",\"item\":\"https:\\\/\\\/millargb.com\\\/en\\\/\"},{\"@type\":\"ListItem\",\"position\":2,\"name\":\"GPSR\"}]},{\"@type\":\"WebSite\",\"@id\":\"https:\\\/\\\/millargb.com\\\/en\\\/#website\",\"url\":\"https:\\\/\\\/millargb.com\\\/en\\\/\",\"name\":\"Millar limited\",\"description\":\"Kitchen Appliances | Gas Hobs, Ovens, Hoods &amp; Accessories\",\"potentialAction\":[{\"@type\":\"SearchAction\",\"target\":{\"@type\":\"EntryPoint\",\"urlTemplate\":\"https:\\\/\\\/millargb.com\\\/en\\\/?s={search_term_string}\"},\"query-input\":{\"@type\":\"PropertyValueSpecification\",\"valueRequired\":true,\"valueName\":\"search_term_string\"}}],\"inLanguage\":\"en-US\"}]}<\/script>\n<!-- \/ Yoast SEO plugin. -->","yoast_head_json":{"title":"GPSR - Millar limited","description":"All required General Product Safety Regulation information will be available here in due course","robots":{"index":"noindex","follow":"nofollow"},"og_locale":"en_US","og_type":"article","og_title":"GPSR - Millar limited","og_description":"All required General Product Safety Regulation information will be available here in due course","og_url":"https:\/\/millargb.com\/en\/gpsr\/","og_site_name":"Millar limited","article_modified_time":"2024-07-05T10:56:05+00:00","twitter_card":"summary_large_image","twitter_misc":{"Est. reading time":"1 minute"},"schema":{"@context":"https:\/\/schema.org","@graph":[{"@type":"WebPage","@id":"https:\/\/millargb.com\/en\/gpsr\/","url":"https:\/\/millargb.com\/en\/gpsr\/","name":"GPSR - Millar limited","isPartOf":{"@id":"https:\/\/millargb.com\/en\/#website"},"datePublished":"2024-06-20T10:17:27+00:00","dateModified":"2024-07-05T10:56:05+00:00","description":"All required General Product Safety Regulation information will be available here in due course","breadcrumb":{"@id":"https:\/\/millargb.com\/en\/gpsr\/#breadcrumb"},"inLanguage":"en-US","potentialAction":[{"@type":"ReadAction","target":["https:\/\/millargb.com\/en\/gpsr\/"]}]},{"@type":"BreadcrumbList","@id":"https:\/\/millargb.com\/en\/gpsr\/#breadcrumb","itemListElement":[{"@type":"ListItem","position":1,"name":"Home","item":"https:\/\/millargb.com\/en\/"},{"@type":"ListItem","position":2,"name":"GPSR"}]},{"@type":"WebSite","@id":"https:\/\/millargb.com\/en\/#website","url":"https:\/\/millargb.com\/en\/","name":"Millar limited","description":"Kitchen Appliances | Gas Hobs, Ovens, Hoods &amp; Accessories","potentialAction":[{"@type":"SearchAction","target":{"@type":"EntryPoint","urlTemplate":"https:\/\/millargb.com\/en\/?s={search_term_string}"},"query-input":{"@type":"PropertyValueSpecification","valueRequired":true,"valueName":"search_term_string"}}],"inLanguage":"en-US"}]}},"_links":{"self":[{"href":"https:\/\/millargb.com\/en\/wp-json\/wp\/v2\/pages\/13824","targetHints":{"allow":["GET"]}}],"collection":[{"href":"https:\/\/millargb.com\/en\/wp-json\/wp\/v2\/pages"}],"about":[{"href":"https:\/\/millargb.com\/en\/wp-json\/wp\/v2\/types\/page"}],"author":[{"embeddable":true,"href":"https:\/\/millargb.com\/en\/wp-json\/wp\/v2\/users\/2"}],"replies":[{"embeddable":true,"href":"https:\/\/millargb.com\/en\/wp-json\/wp\/v2\/comments?post=13824"}],"version-history":[{"count":0,"href":"https:\/\/millargb.com\/en\/wp-json\/wp\/v2\/pages\/13824\/revisions"}],"wp:attachment":[{"href":"https:\/\/millargb.com\/en\/wp-json\/wp\/v2\/media?parent=13824"}],"curies":[{"name":"wp","href":"https:\/\/api.w.org\/{rel}","templated":true}]}}